{"id":693,"date":"2015-11-24T10:49:58","date_gmt":"2015-11-24T09:49:58","guid":{"rendered":"http:\/\/185.27.142.146\/~pdpm311739\/?page_id=693"},"modified":"2016-01-04T20:12:36","modified_gmt":"2016-01-04T19:12:36","slug":"familiewebsites","status":"publish","type":"page","link":"https:\/\/www.familiekundedeinze.be\/index.php\/links\/familiewebsites\/","title":{"rendered":"Familiewebsites"},"content":{"rendered":"<ul style=\"list-style-type: square;\">\n<li>Aertgeerts\u00a0| <a href=\"http:\/\/users.telenet.be\/tony.aertgeerts.be\/aertgeerts\/index.htm\" target=\"_blank\">website<\/a><\/li>\n<li>Aerts | <a href=\"http:\/\/home.scarlet.be\/~ca521884\/\" target=\"_blank\">website<\/a><\/li>\n<li>Alcide | <a href=\"http:\/\/www.genk.com\/032\/\" target=\"_blank\">website<\/a><\/li>\n<li>Alewaters | <a href=\"http:\/\/home.scarlet.be\/~ea621229\/\" target=\"_blank\">website<\/a><\/li>\n<li>Baeckeland\u00a0|\u00a0<a href=\"http:\/\/gw1.geneanet.org\/index.php3?b=hubae\" target=\"_blank\">website<\/a><\/li>\n<li>Bevernage\u00a0|\u00a0<a href=\"http:\/\/home.versateladsl.be\/willemcir\/bevern05\/index.htm\" target=\"_blank\">website<\/a><\/li>\n<li>Biesbrouck\u00a0|\u00a0<a href=\"http:\/\/home.base.be\/vt638020\/\" target=\"_blank\">website<\/a><\/li>\n<li>Bockstaele-Ceulemans\u00a0|\u00a0<a href=\"http:\/\/www.ceulemans-bockstaele.be\/\" target=\"_blank\">website<\/a><\/li>\n<li>Borighem\u00a0| <a href=\"http:\/\/users.skynet.be\/borighemguy\/html%20fr\/home%20fr.htm\">website<\/a><\/li>\n<li>Bosschaerts-Persyn\u00a0|\u00a0<a href=\"http:\/\/www.bosschaerts.be\/\">website<\/a><\/li>\n<li>Bosteels\u00a0|\u00a0<a href=\"http:\/\/users.belgacom.net\/bosteels\/index.htm\">website<\/a><\/li>\n<li>Boucneau | <a href=\"http:\/\/users.skynet.be\/boucneau\/\" target=\"_blank\">website<\/a><\/li>\n<li>Bouten\u00a0| <a href=\"http:\/\/gw0.geneanet.org\/index.php3?b=boutengabriel\">website<\/a><\/li>\n<li>Brik\u00e9 |<a href=\"http:\/\/www.brike.org\/\" target=\"_blank\"> website<\/a><\/li>\n<li>Broos | <a href=\"http:\/\/www.broos.org\/\" target=\"_blank\">website<\/a><\/li>\n<li>Brussel |<a href=\"http:\/\/users.skynet.be\/rene.tastenhoye\/41Tassil1\/index.htm\" target=\"_blank\"> website <\/a><\/li>\n<li>Bryssinck |<a href=\"http:\/\/users.telenet.be\/Roger.Bryssinck\/\" target=\"_blank\"> website <\/a><\/li>\n<li>Buyse |<a href=\"http:\/\/gw0.geneanet.org\/index.php3?b=buyse\" target=\"_blank\"> website<\/a><\/li>\n<li>Cailliau in Belgi\u00eb | <a href=\"http:\/\/www.familie-cailliau.be\/\" target=\"_blank\">website<\/a><\/li>\n<li>Cailliau in Frankrijk | <a href=\"http:\/\/www.familie-cailliau.be\/\">website<\/a><\/li>\n<li>Carrette |<a href=\"http:\/\/gw0.geneanet.org\/index.php3?b=carrette\" target=\"_blank\"> website <\/a><\/li>\n<li>Ceulemans-Thir\u00e9-Tirez | <a href=\"http:\/\/users.skynet.be\/fam.willemen\/genealogie.htm\" target=\"_blank\">website<\/a><\/li>\n<li>Clauw | <a href=\"http:\/\/users.telenet.be\/Roger_Clauw\/\" target=\"_blank\">website<\/a><\/li>\n<li>Clauwaert | <a href=\"http:\/\/clauwaert.be\/\" target=\"_blank\">website<\/a><\/li>\n<li>Cloostermans |<a href=\"http:\/\/users.belgacom.net\/etienne.van.drom\/cloostermans\/index.htm\"> website <\/a><\/li>\n<li>Cluysen | <a href=\"http:\/\/www.dermout.eu\/\" target=\"_blank\">website<\/a><\/li>\n<li>Collet-Colette | <a href=\"http:\/\/home.scarlet.be\/~yc478596\/\">website<\/a><\/li>\n<li>Crombez-Mol | <a href=\"http:\/\/users.skynet.be\/crombez-e\/\" target=\"_blank\">website<\/a><\/li>\n<li>Cuenen &#8211; Vanspauwen | <a href=\"http:\/\/users.skynet.be\/am040331\/\" target=\"_blank\">website<\/a><\/li>\n<li>De Baets | <a href=\"http:\/\/www.debaets.be\/\" target=\"_blank\">website<\/a><\/li>\n<li>De Cock-Demeire | <a href=\"http:\/\/users.skynet.be\/bk343665\/\">website<\/a><\/li>\n<li>De Keukelaere\u00a0| <a href=\"http:\/\/www.dekeukelaere.eu\" target=\"_blank\">website<\/a> | <a href=\"https:\/\/www.facebook.com\/groups\/familiekunde\/?fref=ts\" target=\"_blank\">facebook<\/a><\/li>\n<li>De Loof | <a href=\"http:\/\/www.dermout.eu\/\" target=\"_blank\">website<\/a><\/li>\n<li>Dermout | <a href=\"http:\/\/www.dermout.eu\/\" target=\"_blank\">website<\/a><\/li>\n<li>De Schepper | <a href=\"http:\/\/www.deschepper.com\/deschepper\/stamboom\/\" target=\"_blank\">website<\/a><\/li>\n<li>De Vlam | <a href=\"http:\/\/familiedevlam.be\" target=\"_blank\">website<\/a><\/li>\n<li>De Smet &#8211; Parmentier | <a href=\"http:\/\/www.de-smet-parmentier.be\/\" target=\"_blank\">website<\/a><\/li>\n<li>De Volder &#8211; Mouton | <a href=\"http:\/\/users.skynet.be\/e.devolder\/index.htm\" target=\"_blank\">website<\/a><\/li>\n<li>De Wilde | <a href=\"http:\/\/www.dewilde.org\/\" target=\"_blank\">website<\/a><\/li>\n<li>De Wilde | <a href=\"http:\/\/stamboomdewilde.tripod.com\/\" target=\"_blank\">website<\/a><\/li>\n<li>Everaert | <a href=\"http:\/\/www.everaert.net\/\" target=\"_blank\">website<\/a><\/li>\n<li>Eyckerman | <a href=\"http:\/\/genealogy.petereyckerman.be\/\" target=\"_blank\">website<\/a><\/li>\n<li>Geeraert | <a href=\"http:\/\/users.skynet.be\/michel.geeraert\/stamboom\/\" target=\"_blank\">website<\/a><\/li>\n<li>Gekiere | <a href=\"http:\/\/stamboom.gekiere.com\/indexned.htm\" target=\"_blank\">website<\/a><\/li>\n<li>Girardin | <a href=\"http:\/\/www.dermout.eu\/\" target=\"_blank\">website<\/a><\/li>\n<li>Janssens | <a href=\"http:\/\/leojanssensbe.voorouders.net\/search\/?sn=Janssens\" target=\"_blank\">website<\/a><\/li>\n<li>Kloosterman | <a href=\"http:\/\/www.kloosterman.be\/\" target=\"_blank\">website<\/a><\/li>\n<li>Lanssens &#8211; Denoo | <a href=\"http:\/\/lanssens.be\/stamboom\/\" target=\"_blank\">website<\/a><\/li>\n<li>Laukens | <a href=\"http:\/\/www.laukens.be\/genealogie\/\" target=\"_blank\">website<\/a><\/li>\n<li>Lewage | <a href=\"http:\/\/www.lewage.be\/\" target=\"_blank\">website<\/a><\/li>\n<li>Patteeuw &#8211; Riemaecker | <a href=\"http:\/\/users.skynet.be\/patteeuw\/\" target=\"_blank\">website<\/a><\/li>\n<li>Renson | <a href=\"http:\/\/www.dermout.eu\/\" target=\"_blank\">website<\/a><\/li>\n<li>Vandaele | <a href=\"http:\/\/users.telenet.be\/stamboom\/vandaele\/\">website<\/a><\/li>\n<li>Vandenberge | <a href=\"http:\/\/hoedoejeda.be\/vandenberge\/\" target=\"_blank\">website<\/a><\/li>\n<li>van der Cruijcen | <a href=\"http:\/\/www.vemako.nl\/index.html\" target=\"_blank\">website<\/a><\/li>\n<li>Van Hout | <a href=\"http:\/\/www.stamboomvanhout.be\/\" target=\"_blank\">website<\/a><\/li>\n<li>Van Meirhaeghe | <a href=\"http:\/\/familievereniging-van-meirhaeghe.be\/index.php\/nl\/onze-stamboom\" target=\"_blank\">website<\/a><\/li>\n<li>Verheyen | <a href=\"http:\/\/users.telenet.be\/els.verheyen\/Familie-stamboom.htm\" target=\"_blank\">website<\/a><\/li>\n<li>Verhoeven |<a href=\"http:\/\/users.telenet.be\/tony.aertgeerts.be\/verhoeven\/index.htm\" target=\"_blank\"> website<\/a><\/li>\n<li>Verkerken \u00a0|<a href=\"http:\/\/members.lycos.nl\/danielverkerken\/\" target=\"_blank\"> website<\/a><\/li>\n<li>Verroken | <a href=\"http:\/\/www.verroken.be\/\" target=\"_blank\">website<\/a><\/li>\n<li>Vervaet |<a href=\"http:\/\/www.vervaet.eu\/\" target=\"_blank\"> website<\/a><\/li>\n<li>Volckaert | <a href=\"http:\/\/stamboom.volckaert.org\/\" target=\"_blank\">website<\/a><\/li>\n<li>Volckerijck |<a href=\"http:\/\/gw5.geneanet.org\/index.php3?b=rudy2\" target=\"_blank\"> website<\/a><\/li>\n<li>Weymeis | <a href=\"http:\/\/users.skynet.be\/weymeis\/\" target=\"_blank\">website<\/a><\/li>\n<li>Wollaert |<a href=\"http:\/\/www.pietwoll.bewoner.antwerpen.be\/\" target=\"_blank\"> website<\/a><\/li>\n<li>Wulgaert |<a href=\"http:\/\/www.wulgaert.com\/\" target=\"_blank\"> website<\/a><\/li>\n<li>Wullus |<a href=\"http:\/\/home.base.be\/rvwulputte\/\" target=\"_blank\"> website<\/a><\/li>\n<\/ul>\n<p><span style=\"color: #800000;\">Uw website opnemen in de lijst of u kan aanvullen ?<br \/>\n<\/span><span style=\"color: #800000;\">Laat het ons <a href=\"http:\/\/185.27.142.146\/~pdpm311739\/index.php\/contact\/\">hier<\/a> weten\u00a0!<\/span><\/p>\n","protected":false},"excerpt":{"rendered":"<p>Aertgeerts\u00a0| website Aerts | website Alcide | website Alewaters | website Baeckeland\u00a0|\u00a0website Bevernage\u00a0|\u00a0website Biesbrouck\u00a0|\u00a0website Bockstaele-Ceulemans\u00a0|\u00a0website Borighem\u00a0| website Bosschaerts-Persyn\u00a0|\u00a0website Bosteels\u00a0|\u00a0website Boucneau | website Bouten\u00a0| website Brik\u00e9 | website Broos | website Brussel | website Bryssinck | website Buyse | website Cailliau in Belgi\u00eb | website Cailliau in Frankrijk | website Carrette | website Ceulemans-Thir\u00e9-Tirez | website [&hellip;]<\/p>\n","protected":false},"author":10,"featured_media":0,"parent":652,"menu_order":0,"comment_status":"closed","ping_status":"closed","template":"","meta":{"footnotes":""},"class_list":["post-693","page","type-page","status-publish","hentry"],"_links":{"self":[{"href":"https:\/\/www.familiekundedeinze.be\/index.php\/wp-json\/wp\/v2\/pages\/693","targetHints":{"allow":["GET"]}}],"collection":[{"href":"https:\/\/www.familiekundedeinze.be\/index.php\/wp-json\/wp\/v2\/pages"}],"about":[{"href":"https:\/\/www.familiekundedeinze.be\/index.php\/wp-json\/wp\/v2\/types\/page"}],"author":[{"embeddable":true,"href":"https:\/\/www.familiekundedeinze.be\/index.php\/wp-json\/wp\/v2\/users\/10"}],"replies":[{"embeddable":true,"href":"https:\/\/www.familiekundedeinze.be\/index.php\/wp-json\/wp\/v2\/comments?post=693"}],"version-history":[{"count":23,"href":"https:\/\/www.familiekundedeinze.be\/index.php\/wp-json\/wp\/v2\/pages\/693\/revisions"}],"predecessor-version":[{"id":2044,"href":"https:\/\/www.familiekundedeinze.be\/index.php\/wp-json\/wp\/v2\/pages\/693\/revisions\/2044"}],"up":[{"embeddable":true,"href":"https:\/\/www.familiekundedeinze.be\/index.php\/wp-json\/wp\/v2\/pages\/652"}],"wp:attachment":[{"href":"https:\/\/www.familiekundedeinze.be\/index.php\/wp-json\/wp\/v2\/media?parent=693"}],"curies":[{"name":"wp","href":"https:\/\/api.w.org\/{rel}","templated":true}]}}